{"id":15,"date":"2023-04-14T11:18:54","date_gmt":"2023-04-14T14:18:54","guid":{"rendered":"https:\/\/heroisburger.com.br\/?page_id=15"},"modified":"2025-10-28T17:13:09","modified_gmt":"2025-10-28T20:13:09","slug":"nossa-historia","status":"publish","type":"page","link":"https:\/\/heroisburger.com.br\/pt\/nossa-historia\/","title":{"rendered":"Nossa hist\u00f3ria"},"content":{"rendered":"<div data-elementor-type=\"wp-page\" data-elementor-id=\"15\" class=\"elementor elementor-15\" data-elementor-post-type=\"page\">\n\t\t\t\t<div class=\"elementor-element elementor-element-ae9a64e e-flex e-con-boxed e-con e-parent\" data-id=\"ae9a64e\" data-element_type=\"container\" data-settings=\"{&quot;background_background&quot;:&quot;classic&quot;,&quot;jet_parallax_layout_list&quot;:[]}\">\n\t\t\t\t\t<div class=\"e-con-inner\">\n\t\t<div class=\"elementor-element elementor-element-e28808b e-con-full e-flex e-con e-child\" data-id=\"e28808b\" data-element_type=\"container\" data-settings=\"{&quot;jet_parallax_layout_list&quot;:[]}\">\n\t\t\t\t<div class=\"elementor-element elementor-element-07a5669 elementor-widget elementor-widget-heading\" data-id=\"07a5669\" data-element_type=\"widget\" data-widget_type=\"heading.default\">\n\t\t\t\t<div class=\"elementor-widget-container\">\n\t\t\t\t\t<h2 class=\"elementor-heading-title elementor-size-default\">NOSSA HIST\u00d3RIA<\/h2>\t\t\t\t<\/div>\n\t\t\t\t<\/div>\n\t\t\t\t<\/div>\n\t\t\t\t\t<\/div>\n\t\t\t\t<\/div>\n\t\t<div class=\"elementor-element elementor-element-20ab978 e-flex e-con-boxed e-con e-parent\" data-id=\"20ab978\" data-element_type=\"container\" data-settings=\"{&quot;jet_parallax_layout_list&quot;:[]}\">\n\t\t\t\t\t<div class=\"e-con-inner\">\n\t\t<div class=\"elementor-element elementor-element-b825704 e-con-full e-flex e-con e-child\" data-id=\"b825704\" data-element_type=\"container\" data-settings=\"{&quot;jet_parallax_layout_list&quot;:[]}\">\n\t\t\t\t<div class=\"elementor-element elementor-element-c9a9d47 elementor-widget elementor-widget-heading\" data-id=\"c9a9d47\" data-element_type=\"widget\" data-widget_type=\"heading.default\">\n\t\t\t\t<div class=\"elementor-widget-container\">\n\t\t\t\t\t<h2 class=\"elementor-heading-title elementor-size-default\">A\u00cd TUDO COME\u00c7OU\u2026<\/h2>\t\t\t\t<\/div>\n\t\t\t\t<\/div>\n\t\t\t\t<div class=\"elementor-element elementor-element-2af0e7c elementor-widget elementor-widget-text-editor\" data-id=\"2af0e7c\" data-element_type=\"widget\" data-widget_type=\"text-editor.default\">\n\t\t\t\t<div class=\"elementor-widget-container\">\n\t\t\t\t\t\t\t\t\tHer\u00f3is Super Burger surgiu a partir de uma ideia de um sonhador, Lucas Aguiar, trabalhou a\nnoite por quase uma d\u00e9cada em restaurantes. Cansado da carga hor\u00e1ria noturna come\u00e7ou\na fazer UBER e viu que era mais rent\u00e1vel e lhe proporcionava uma melhor qualidade de\nvida com sua fam\u00edlia, ent\u00e3o abandonou a gastronomia. Apesar do desapego Lucas e\nSuelen, sua esposa almejava ter seu pr\u00f3prio neg\u00f3cio, por\u00e9m, precisava de recursos\nfinanceiros para concretiz\u00e1-lo.\n\t\t\t\t\t\t\t\t<\/div>\n\t\t\t\t<\/div>\n\t\t\t\t<div class=\"elementor-element elementor-element-0dd52a0 elementor-widget elementor-widget-text-editor\" data-id=\"0dd52a0\" data-element_type=\"widget\" data-widget_type=\"text-editor.default\">\n\t\t\t\t<div class=\"elementor-widget-container\">\n\t\t\t\t\t\t\t\t\tFoi a\u00ed que ele prop\u00f4s ao seu primo Everson Oliveira, empres\u00e1rio e bem sucedido na cidade\nde Cabo Frio RJ de montarem um neg\u00f3cio. Lucas, Suelen e Everson juntos tiveram a ideia\nde montar uma hamburgueria tem\u00e1tica e assim surgiu a primeira Her\u00f3is Super Burger em\nCabo Frio RJ em 2020 em plena pandemia do COVID-19.\t\t\t\t\t\t\t\t<\/div>\n\t\t\t\t<\/div>\n\t\t\t\t<div class=\"elementor-element elementor-element-b621695 elementor-widget elementor-widget-text-editor\" data-id=\"b621695\" data-element_type=\"widget\" data-widget_type=\"text-editor.default\">\n\t\t\t\t<div class=\"elementor-widget-container\">\n\t\t\t\t\t\t\t\t\tInicialmente a ideia do projeto seria em Portugal, mas a log\u00edstica para abrir em outro pa\u00eds\nestava muito complicada devido ao momento pand\u00eamico que o mundo vivia. E assim\ndecidiram abrir na cidade de Cabo Frio RJ uma hamburgueria totalmente diferente, trazendo\numa experi\u00eancia magn\u00edfica para crian\u00e7as, adultos e idosos. E, com essa inspira\u00e7\u00e3o,\ntrouxeram momentos de alegria e de impacto para todas as fam\u00edlias.\t\t\t\t\t\t\t\t<\/div>\n\t\t\t\t<\/div>\n\t\t\t\t<\/div>\n\t\t<div class=\"elementor-element elementor-element-0d50d72 e-con-full e-flex e-con e-child\" data-id=\"0d50d72\" data-element_type=\"container\" data-settings=\"{&quot;jet_parallax_layout_list&quot;:[]}\">\n\t\t\t\t<div class=\"elementor-element elementor-element-c6cbeda elementor-widget elementor-widget-gallery\" data-id=\"c6cbeda\" data-element_type=\"widget\" data-settings=\"{&quot;gallery_layout&quot;:&quot;justified&quot;,&quot;ideal_row_height&quot;:{&quot;unit&quot;:&quot;px&quot;,&quot;size&quot;:300,&quot;sizes&quot;:[]},&quot;ideal_row_height_mobile&quot;:{&quot;unit&quot;:&quot;px&quot;,&quot;size&quot;:200,&quot;sizes&quot;:[]},&quot;gap&quot;:{&quot;unit&quot;:&quot;px&quot;,&quot;size&quot;:5,&quot;sizes&quot;:[]},&quot;gap_mobile&quot;:{&quot;unit&quot;:&quot;px&quot;,&quot;size&quot;:5,&quot;sizes&quot;:[]},&quot;lazyload&quot;:&quot;yes&quot;,&quot;ideal_row_height_tablet&quot;:{&quot;unit&quot;:&quot;px&quot;,&quot;size&quot;:150,&quot;sizes&quot;:[]},&quot;gap_tablet&quot;:{&quot;unit&quot;:&quot;px&quot;,&quot;size&quot;:10,&quot;sizes&quot;:[]},&quot;link_to&quot;:&quot;file&quot;,&quot;overlay_background&quot;:&quot;yes&quot;,&quot;content_hover_animation&quot;:&quot;fade-in&quot;}\" data-widget_type=\"gallery.default\">\n\t\t\t\t<div class=\"elementor-widget-container\">\n\t\t\t\t\t\t\t<div class=\"elementor-gallery__container\">\n\t\t\t\t\t\t\t<a class=\"e-gallery-item elementor-gallery-item elementor-animated-content\" href=\"https:\/\/heroisburger.com.br\/wp-content\/uploads\/2024\/01\/1.jpeg\" data-elementor-open-lightbox=\"yes\" data-elementor-lightbox-slideshow=\"c6cbeda\" data-elementor-lightbox-title=\"herois-burger\" data-elementor-lightbox-description=\"herois-burger\" data-e-action-hash=\"#elementor-action%3Aaction%3Dlightbox%26settings%3DeyJpZCI6MTM5MSwidXJsIjoiaHR0cHM6XC9cL2hlcm9pc2J1cmdlci5jb20uYnJcL3dwLWNvbnRlbnRcL3VwbG9hZHNcLzIwMjRcLzAxXC8xLmpwZWciLCJzbGlkZXNob3ciOiJjNmNiZWRhIn0%3D\">\n\t\t\t\t\t<div class=\"e-gallery-image elementor-gallery-item__image\" data-thumbnail=\"https:\/\/heroisburger.com.br\/wp-content\/uploads\/2024\/01\/1.jpeg\" data-width=\"\" data-height=\"\" aria-label=\"herois-burger\" role=\"img\" ><\/div>\n\t\t\t\t\t\t\t\t\t\t\t<div class=\"elementor-gallery-item__overlay\"><\/div>\n\t\t\t\t\t\t\t\t\t\t\t\t\t\t<\/a>\n\t\t\t\t\t\t\t<a class=\"e-gallery-item elementor-gallery-item elementor-animated-content\" href=\"https:\/\/heroisburger.com.br\/wp-content\/uploads\/2024\/01\/3-scaled.jpeg\" data-elementor-open-lightbox=\"yes\" data-elementor-lightbox-slideshow=\"c6cbeda\" data-elementor-lightbox-title=\"herois-burger\" data-elementor-lightbox-description=\"herois-burger\" data-e-action-hash=\"#elementor-action%3Aaction%3Dlightbox%26settings%3DeyJpZCI6MTM4OSwidXJsIjoiaHR0cHM6XC9cL2hlcm9pc2J1cmdlci5jb20uYnJcL3dwLWNvbnRlbnRcL3VwbG9hZHNcLzIwMjRcLzAxXC8zLXNjYWxlZC5qcGVnIiwic2xpZGVzaG93IjoiYzZjYmVkYSJ9\">\n\t\t\t\t\t<div class=\"e-gallery-image elementor-gallery-item__image\" data-thumbnail=\"https:\/\/heroisburger.com.br\/wp-content\/uploads\/2024\/01\/3-scaled.jpeg\" data-width=\"\" data-height=\"\" aria-label=\"herois-burger\" role=\"img\" ><\/div>\n\t\t\t\t\t\t\t\t\t\t\t<div class=\"elementor-gallery-item__overlay\"><\/div>\n\t\t\t\t\t\t\t\t\t\t\t\t\t\t<\/a>\n\t\t\t\t\t\t\t<a class=\"e-gallery-item elementor-gallery-item elementor-animated-content\" href=\"https:\/\/heroisburger.com.br\/wp-content\/uploads\/2024\/01\/2.jpeg\" data-elementor-open-lightbox=\"yes\" data-elementor-lightbox-slideshow=\"c6cbeda\" data-elementor-lightbox-title=\"herois-burger\" data-elementor-lightbox-description=\"herois-burger\" data-e-action-hash=\"#elementor-action%3Aaction%3Dlightbox%26settings%3DeyJpZCI6MTM2MCwidXJsIjoiaHR0cHM6XC9cL2hlcm9pc2J1cmdlci5jb20uYnJcL3dwLWNvbnRlbnRcL3VwbG9hZHNcLzIwMjRcLzAxXC8yLmpwZWciLCJzbGlkZXNob3ciOiJjNmNiZWRhIn0%3D\">\n\t\t\t\t\t<div class=\"e-gallery-image elementor-gallery-item__image\" data-thumbnail=\"https:\/\/heroisburger.com.br\/wp-content\/uploads\/2024\/01\/2.jpeg\" data-width=\"\" data-height=\"\" aria-label=\"herois-burger\" role=\"img\" ><\/div>\n\t\t\t\t\t\t\t\t\t\t\t<div class=\"elementor-gallery-item__overlay\"><\/div>\n\t\t\t\t\t\t\t\t\t\t\t\t\t\t<\/a>\n\t\t\t\t\t\t\t<a class=\"e-gallery-item elementor-gallery-item elementor-animated-content\" href=\"https:\/\/heroisburger.com.br\/wp-content\/uploads\/2024\/01\/carrossel-20.webp\" data-elementor-open-lightbox=\"yes\" data-elementor-lightbox-slideshow=\"c6cbeda\" data-elementor-lightbox-title=\"Herois-burger\" data-elementor-lightbox-description=\"Herois-burger\" data-e-action-hash=\"#elementor-action%3Aaction%3Dlightbox%26settings%3DeyJpZCI6MTM2NCwidXJsIjoiaHR0cHM6XC9cL2hlcm9pc2J1cmdlci5jb20uYnJcL3dwLWNvbnRlbnRcL3VwbG9hZHNcLzIwMjRcLzAxXC9jYXJyb3NzZWwtMjAud2VicCIsInNsaWRlc2hvdyI6ImM2Y2JlZGEifQ%3D%3D\">\n\t\t\t\t\t<div class=\"e-gallery-image elementor-gallery-item__image\" data-thumbnail=\"https:\/\/heroisburger.com.br\/wp-content\/uploads\/2024\/01\/carrossel-20.webp\" data-width=\"\" data-height=\"\" aria-label=\"Herois-burger\" role=\"img\" ><\/div>\n\t\t\t\t\t\t\t\t\t\t\t<div class=\"elementor-gallery-item__overlay\"><\/div>\n\t\t\t\t\t\t\t\t\t\t\t\t\t\t<\/a>\n\t\t\t\t\t<\/div>\n\t\t\t\t\t<\/div>\n\t\t\t\t<\/div>\n\t\t\t\t<\/div>\n\t\t\t\t\t<\/div>\n\t\t\t\t<\/div>\n\t\t<div class=\"elementor-element elementor-element-317408b e-flex e-con-boxed e-con e-parent\" data-id=\"317408b\" data-element_type=\"container\" data-settings=\"{&quot;background_background&quot;:&quot;classic&quot;,&quot;jet_parallax_layout_list&quot;:[]}\">\n\t\t\t\t\t<div class=\"e-con-inner\">\n\t\t<div class=\"elementor-element elementor-element-a5de96d e-con-full e-flex e-con e-child\" data-id=\"a5de96d\" data-element_type=\"container\" data-settings=\"{&quot;jet_parallax_layout_list&quot;:[]}\">\n\t\t\t\t<div class=\"elementor-element elementor-element-d64aa8f elementor-widget__width-initial elementor-widget-mobile__width-initial elementor-widget elementor-widget-image\" data-id=\"d64aa8f\" data-element_type=\"widget\" data-widget_type=\"image.default\">\n\t\t\t\t<div class=\"elementor-widget-container\">\n\t\t\t\t\t\t\t\t\t\t\t\t\t\t\t<img decoding=\"async\" src=\"https:\/\/heroisburger.com.br\/wp-content\/uploads\/2025\/10\/Imagem-do-WhatsApp-de-2024-01-13-as-14.11.59_738754ad.jpg\" title=\"Imagem do WhatsApp de 2024-01-13 \u00e0(s) 14.11.59_738754ad\" alt=\"Imagem do WhatsApp de 2024-01-13 \u00e0(s) 14.11.59_738754ad\" loading=\"lazy\" \/>\t\t\t\t\t\t\t\t\t\t\t\t\t\t\t<\/div>\n\t\t\t\t<\/div>\n\t\t\t\t<div class=\"elementor-element elementor-element-3ea5a26 elementor-widget__width-initial elementor-widget-mobile__width-initial elementor-widget elementor-widget-image\" data-id=\"3ea5a26\" data-element_type=\"widget\" data-widget_type=\"image.default\">\n\t\t\t\t<div class=\"elementor-widget-container\">\n\t\t\t\t\t\t\t\t\t\t\t\t\t\t\t<img decoding=\"async\" src=\"https:\/\/heroisburger.com.br\/wp-content\/uploads\/2025\/10\/Imagem-do-WhatsApp-de-2024-01-13-as-14.11.59_41257209.jpg\" title=\"Imagem do WhatsApp de 2024-01-13 \u00e0(s) 14.11.59_41257209\" alt=\"Imagem do WhatsApp de 2024-01-13 \u00e0(s) 14.11.59_41257209\" loading=\"lazy\" \/>\t\t\t\t\t\t\t\t\t\t\t\t\t\t\t<\/div>\n\t\t\t\t<\/div>\n\t\t\t\t<\/div>\n\t\t<div class=\"elementor-element elementor-element-e8e9a4f e-con-full e-flex e-con e-child\" data-id=\"e8e9a4f\" data-element_type=\"container\" data-settings=\"{&quot;jet_parallax_layout_list&quot;:[]}\">\n\t\t\t\t<div class=\"elementor-element elementor-element-1a70c07 elementor-widget elementor-widget-heading\" data-id=\"1a70c07\" data-element_type=\"widget\" data-widget_type=\"heading.default\">\n\t\t\t\t<div class=\"elementor-widget-container\">\n\t\t\t\t\t<h2 class=\"elementor-heading-title elementor-size-default\">EXPANS\u00c3O EM FORMATO DE FRANQUIA<\/h2>\t\t\t\t<\/div>\n\t\t\t\t<\/div>\n\t\t\t\t<div class=\"elementor-element elementor-element-14b5648 elementor-widget elementor-widget-text-editor\" data-id=\"14b5648\" data-element_type=\"widget\" data-widget_type=\"text-editor.default\">\n\t\t\t\t<div class=\"elementor-widget-container\">\n\t\t\t\t\t\t\t\t\tWillian Lopes, um empres\u00e1rio com bastante experi\u00eancia se juntou nesta her\u00f3ica jornada\ntornando-se s\u00f3cio da Herois Super Burger Franqueadora, trazendo a sua vasta experi\u00eancia\nem network.\n\t\t\t\t\t\t\t\t<\/div>\n\t\t\t\t<\/div>\n\t\t\t\t<div class=\"elementor-element elementor-element-0dba939 elementor-widget elementor-widget-text-editor\" data-id=\"0dba939\" data-element_type=\"widget\" data-widget_type=\"text-editor.default\">\n\t\t\t\t<div class=\"elementor-widget-container\">\n\t\t\t\t\t\t\t\t\tNo ano de 2021 receberam um cliente muito especial, Rafael Vilela, ele ficou t\u00e3o\nimpressionado com a Her\u00f3is Super Burger, que resolveu procurar Lucas e Everson para\nsaber mais sobre o neg\u00f3cio, e assim levar a franquia para Bras\u00edlia.\t\t\t\t\t\t\t\t<\/div>\n\t\t\t\t<\/div>\n\t\t\t\t<div class=\"elementor-element elementor-element-2cdd96c elementor-widget elementor-widget-text-editor\" data-id=\"2cdd96c\" data-element_type=\"widget\" data-widget_type=\"text-editor.default\">\n\t\t\t\t<div class=\"elementor-widget-container\">\n\t\t\t\t\t\t\t\t\tAssim nasceu a primeira loja franqueada da Herois Super Burger em Novembro de 2021 em\nBras\u00edlia, Distrito Federal.\t\t\t\t\t\t\t\t<\/div>\n\t\t\t\t<\/div>\n\t\t\t\t<div class=\"elementor-element elementor-element-e56d785 elementor-align-left elementor-widget elementor-widget-button\" data-id=\"e56d785\" data-element_type=\"widget\" data-widget_type=\"button.default\">\n\t\t\t\t<div class=\"elementor-widget-container\">\n\t\t\t\t\t\t\t\t\t<div class=\"elementor-button-wrapper\">\n\t\t\t\t\t<a class=\"elementor-button elementor-button-link elementor-size-lg\" href=\"https:\/\/heroisburger.com.br\/pt\/quero-ser-um-franqueado\/\">\n\t\t\t\t\t\t<span class=\"elementor-button-content-wrapper\">\n\t\t\t\t\t\t\t\t\t<span class=\"elementor-button-text\">QUERO SER UM FRANQUEADO<\/span>\n\t\t\t\t\t<\/span>\n\t\t\t\t\t<\/a>\n\t\t\t\t<\/div>\n\t\t\t\t\t\t\t\t<\/div>\n\t\t\t\t<\/div>\n\t\t\t\t<\/div>\n\t\t\t\t\t<\/div>\n\t\t\t\t<\/div>\n\t\t\t\t<\/div>","protected":false},"excerpt":{"rendered":"<p>NOSSA HIST\u00d3RIA A\u00cd TUDO COME\u00c7OU\u2026 Her\u00f3is Super Burger surgiu a partir de uma ideia de um sonhador, Lucas Aguiar, trabalhou a noite por quase uma d\u00e9cada em restaurantes. Cansado da carga hor\u00e1ria noturna come\u00e7ou a fazer UBER e viu que era mais rent\u00e1vel e lhe proporcionava uma melhor qualidade de vida com sua fam\u00edlia, ent\u00e3o [&hellip;]<\/p>","protected":false},"author":1,"featured_media":0,"parent":0,"menu_order":0,"comment_status":"closed","ping_status":"closed","template":"elementor_header_footer","meta":{"footnotes":""},"class_list":["post-15","page","type-page","status-publish","hentry"],"_hostinger_reach_plugin_has_subscription_block":false,"_hostinger_reach_plugin_is_elementor":false,"_links":{"self":[{"href":"https:\/\/heroisburger.com.br\/pt\/wp-json\/wp\/v2\/pages\/15","targetHints":{"allow":["GET"]}}],"collection":[{"href":"https:\/\/heroisburger.com.br\/pt\/wp-json\/wp\/v2\/pages"}],"about":[{"href":"https:\/\/heroisburger.com.br\/pt\/wp-json\/wp\/v2\/types\/page"}],"author":[{"embeddable":true,"href":"https:\/\/heroisburger.com.br\/pt\/wp-json\/wp\/v2\/users\/1"}],"replies":[{"embeddable":true,"href":"https:\/\/heroisburger.com.br\/pt\/wp-json\/wp\/v2\/comments?post=15"}],"version-history":[{"count":14,"href":"https:\/\/heroisburger.com.br\/pt\/wp-json\/wp\/v2\/pages\/15\/revisions"}],"predecessor-version":[{"id":1669,"href":"https:\/\/heroisburger.com.br\/pt\/wp-json\/wp\/v2\/pages\/15\/revisions\/1669"}],"wp:attachment":[{"href":"https:\/\/heroisburger.com.br\/pt\/wp-json\/wp\/v2\/media?parent=15"}],"curies":[{"name":"wp","href":"https:\/\/api.w.org\/{rel}","templated":true}]}}