{"id":30,"date":"2023-04-14T11:23:22","date_gmt":"2023-04-14T14:23:22","guid":{"rendered":"https:\/\/heroisburger.com.br\/?page_id=30"},"modified":"2024-01-31T18:47:21","modified_gmt":"2024-01-31T21:47:21","slug":"encontre-uma-loja","status":"publish","type":"page","link":"https:\/\/heroisburger.com.br\/pt\/encontre-uma-loja\/","title":{"rendered":"Encontre uma loja"},"content":{"rendered":"<div data-elementor-type=\"wp-page\" data-elementor-id=\"30\" class=\"elementor elementor-30\" data-elementor-post-type=\"page\">\n\t\t\t\t<div class=\"elementor-element elementor-element-d2e452c e-flex e-con-boxed e-con e-parent\" data-id=\"d2e452c\" data-element_type=\"container\" data-settings=\"{&quot;background_background&quot;:&quot;classic&quot;,&quot;jet_parallax_layout_list&quot;:[]}\">\n\t\t\t\t\t<div class=\"e-con-inner\">\n\t\t<div class=\"elementor-element elementor-element-ea159a1 e-con-full e-flex e-con e-child\" data-id=\"ea159a1\" data-element_type=\"container\" data-settings=\"{&quot;jet_parallax_layout_list&quot;:[]}\">\n\t\t\t\t<div class=\"elementor-element elementor-element-faedfd8 elementor-widget elementor-widget-heading\" data-id=\"faedfd8\" data-element_type=\"widget\" data-widget_type=\"heading.default\">\n\t\t\t\t<div class=\"elementor-widget-container\">\n\t\t\t\t\t<h2 class=\"elementor-heading-title elementor-size-default\">Encontre uma loja<\/h2>\t\t\t\t<\/div>\n\t\t\t\t<\/div>\n\t\t\t\t<\/div>\n\t\t\t\t\t<\/div>\n\t\t\t\t<\/div>\n\t\t<div class=\"elementor-element elementor-element-536632c e-flex e-con-boxed e-con e-parent\" data-id=\"536632c\" data-element_type=\"container\" data-settings=\"{&quot;jet_parallax_layout_list&quot;:[]}\">\n\t\t\t\t\t<div class=\"e-con-inner\">\n\t\t<div class=\"elementor-element elementor-element-ce22238 e-flex e-con-boxed e-con e-child\" data-id=\"ce22238\" data-element_type=\"container\" data-settings=\"{&quot;jet_parallax_layout_list&quot;:[]}\">\n\t\t\t\t\t<div class=\"e-con-inner\">\n\t\t<div class=\"elementor-element elementor-element-c220e4b e-flex e-con-boxed e-con e-child\" data-id=\"c220e4b\" data-element_type=\"container\" data-settings=\"{&quot;jet_parallax_layout_list&quot;:[]}\">\n\t\t\t\t\t<div class=\"e-con-inner\">\n\t\t\t\t<div class=\"elementor-element elementor-element-cbce9fa elementor-widget elementor-widget-heading\" data-id=\"cbce9fa\" data-element_type=\"widget\" data-widget_type=\"heading.default\">\n\t\t\t\t<div class=\"elementor-widget-container\">\n\t\t\t\t\t<h2 class=\"elementor-heading-title elementor-size-default\">Copacabana<\/h2>\t\t\t\t<\/div>\n\t\t\t\t<\/div>\n\t\t\t\t<div class=\"elementor-element elementor-element-6978544 elementor-widget elementor-widget-google_maps\" data-id=\"6978544\" data-element_type=\"widget\" data-widget_type=\"google_maps.default\">\n\t\t\t\t<div class=\"elementor-widget-container\">\n\t\t\t\t\t\t\t<div class=\"elementor-custom-embed\">\n\t\t\t<iframe loading=\"lazy\"\n\t\t\t\t\tsrc=\"https:\/\/maps.google.com\/maps?q=R.%20Barata%20Ribeiro%2C%20194%20Loja%20K%20-%20Copacabana%20-%20RJ&#038;t=m&#038;z=16&#038;output=embed&#038;iwloc=near\"\n\t\t\t\t\ttitle=\"R. Barata Ribeiro, 194 Loja K - Copacabana - RJ\"\n\t\t\t\t\taria-label=\"R. Barata Ribeiro, 194 Loja K - Copacabana - RJ\"\n\t\t\t><\/iframe>\n\t\t<\/div>\n\t\t\t\t\t\t<\/div>\n\t\t\t\t<\/div>\n\t\t\t\t<div class=\"elementor-element elementor-element-ead71e9 elementor-widget elementor-widget-text-editor\" data-id=\"ead71e9\" data-element_type=\"widget\" data-widget_type=\"text-editor.default\">\n\t\t\t\t<div class=\"elementor-widget-container\">\n\t\t\t\t\t\t\t\t\tR. Barata Ribeiro, 194 Loja K &#8211; Copacabana &#8211; RJ\t\t\t\t\t\t\t\t<\/div>\n\t\t\t\t<\/div>\n\t\t\t\t<div class=\"elementor-element elementor-element-8c08b32 elementor-widget elementor-widget-text-editor\" data-id=\"8c08b32\" data-element_type=\"widget\" data-widget_type=\"text-editor.default\">\n\t\t\t\t<div class=\"elementor-widget-container\">\n\t\t\t\t\t\t\t\t\tHor\u00e1rio de funcionamento: 16h \u00e0s 23h &#8211; Todos os dias\t\t\t\t\t\t\t\t<\/div>\n\t\t\t\t<\/div>\n\t\t\t\t\t<\/div>\n\t\t\t\t<\/div>\n\t\t<div class=\"elementor-element elementor-element-e009244 e-flex e-con-boxed e-con e-child\" data-id=\"e009244\" data-element_type=\"container\" data-settings=\"{&quot;jet_parallax_layout_list&quot;:[]}\">\n\t\t\t\t\t<div class=\"e-con-inner\">\n\t\t\t\t<div class=\"elementor-element elementor-element-cc1d943 elementor-widget elementor-widget-heading\" data-id=\"cc1d943\" data-element_type=\"widget\" data-widget_type=\"heading.default\">\n\t\t\t\t<div class=\"elementor-widget-container\">\n\t\t\t\t\t<h2 class=\"elementor-heading-title elementor-size-default\">Vila Velha\n<\/h2>\t\t\t\t<\/div>\n\t\t\t\t<\/div>\n\t\t\t\t<div class=\"elementor-element elementor-element-e15ab59 elementor-widget elementor-widget-google_maps\" data-id=\"e15ab59\" data-element_type=\"widget\" data-widget_type=\"google_maps.default\">\n\t\t\t\t<div class=\"elementor-widget-container\">\n\t\t\t\t\t\t\t<div class=\"elementor-custom-embed\">\n\t\t\t<iframe loading=\"lazy\"\n\t\t\t\t\tsrc=\"https:\/\/maps.google.com\/maps?q=Av.%20Henrique%20Moscoso%2090%20Ed.%20Ocean%20Ville%20-%20Lojas%2011%2C%2012%20e%2013%20-%20Praia%20da%20Costa%2C%20Vila%20Velha%20-%20ES&#038;t=m&#038;z=16&#038;output=embed&#038;iwloc=near\"\n\t\t\t\t\ttitle=\"Av. Henrique Moscoso 90 Ed. Ocean Ville - Lojas 11, 12 e 13 - Praia da Costa, Vila Velha - ES\"\n\t\t\t\t\taria-label=\"Av. Henrique Moscoso 90 Ed. Ocean Ville - Lojas 11, 12 e 13 - Praia da Costa, Vila Velha - ES\"\n\t\t\t><\/iframe>\n\t\t<\/div>\n\t\t\t\t\t\t<\/div>\n\t\t\t\t<\/div>\n\t\t\t\t<div class=\"elementor-element elementor-element-5c775ce elementor-widget elementor-widget-text-editor\" data-id=\"5c775ce\" data-element_type=\"widget\" data-widget_type=\"text-editor.default\">\n\t\t\t\t<div class=\"elementor-widget-container\">\n\t\t\t\t\t\t\t\t\t<p>Av. Henrique Moscoso 90 Ed. Ocean Ville &#8211; Lojas 11, 12 e 13 &#8211; Praia da Costa, Vila Velha &#8211; ES<\/p>\t\t\t\t\t\t\t\t<\/div>\n\t\t\t\t<\/div>\n\t\t\t\t<div class=\"elementor-element elementor-element-f8ea2ab elementor-widget elementor-widget-text-editor\" data-id=\"f8ea2ab\" data-element_type=\"widget\" data-widget_type=\"text-editor.default\">\n\t\t\t\t<div class=\"elementor-widget-container\">\n\t\t\t\t\t\t\t\t\tHor\u00e1rio de funcionamento: 18h \u00e0s 22h &#8211; Segunda \u00e0 Quarta\t\t\t\t\t\t\t\t<\/div>\n\t\t\t\t<\/div>\n\t\t\t\t\t<\/div>\n\t\t\t\t<\/div>\n\t\t<div class=\"elementor-element elementor-element-0902881 e-flex e-con-boxed e-con e-child\" data-id=\"0902881\" data-element_type=\"container\" data-settings=\"{&quot;jet_parallax_layout_list&quot;:[]}\">\n\t\t\t\t\t<div class=\"e-con-inner\">\n\t\t\t\t<div class=\"elementor-element elementor-element-e599df9 elementor-widget elementor-widget-heading\" data-id=\"e599df9\" data-element_type=\"widget\" data-widget_type=\"heading.default\">\n\t\t\t\t<div class=\"elementor-widget-container\">\n\t\t\t\t\t<h2 class=\"elementor-heading-title elementor-size-default\">Guarapari\n<\/h2>\t\t\t\t<\/div>\n\t\t\t\t<\/div>\n\t\t\t\t<div class=\"elementor-element elementor-element-973daaf elementor-widget elementor-widget-google_maps\" data-id=\"973daaf\" data-element_type=\"widget\" data-widget_type=\"google_maps.default\">\n\t\t\t\t<div class=\"elementor-widget-container\">\n\t\t\t\t\t\t\t<div class=\"elementor-custom-embed\">\n\t\t\t<iframe loading=\"lazy\"\n\t\t\t\t\tsrc=\"https:\/\/maps.google.com\/maps?q=Av.%20Paris%2C%20103%20-%20Praia%20do%20Morro%2C%20Guarapari%20-%20ES&#038;t=m&#038;z=16&#038;output=embed&#038;iwloc=near\"\n\t\t\t\t\ttitle=\"Av. Paris, 103 - Praia do Morro, Guarapari - ES\"\n\t\t\t\t\taria-label=\"Av. Paris, 103 - Praia do Morro, Guarapari - ES\"\n\t\t\t><\/iframe>\n\t\t<\/div>\n\t\t\t\t\t\t<\/div>\n\t\t\t\t<\/div>\n\t\t\t\t<div class=\"elementor-element elementor-element-f3ba2d0 elementor-widget elementor-widget-text-editor\" data-id=\"f3ba2d0\" data-element_type=\"widget\" data-widget_type=\"text-editor.default\">\n\t\t\t\t<div class=\"elementor-widget-container\">\n\t\t\t\t\t\t\t\t\t<p>Av. Paris, 103 &#8211; Praia do Morro, Guarapari &#8211; ES<\/p>\t\t\t\t\t\t\t\t<\/div>\n\t\t\t\t<\/div>\n\t\t\t\t<div class=\"elementor-element elementor-element-c8b6c32 elementor-widget elementor-widget-text-editor\" data-id=\"c8b6c32\" data-element_type=\"widget\" data-widget_type=\"text-editor.default\">\n\t\t\t\t<div class=\"elementor-widget-container\">\n\t\t\t\t\t\t\t\t\tHor\u00e1rio de funcionamento: 18h \u00e0s 00h &#8211; Todos os dias\t\t\t\t\t\t\t\t<\/div>\n\t\t\t\t<\/div>\n\t\t\t\t\t<\/div>\n\t\t\t\t<\/div>\n\t\t\t\t\t<\/div>\n\t\t\t\t<\/div>\n\t\t<div class=\"elementor-element elementor-element-fed30a1 e-flex e-con-boxed e-con e-child\" data-id=\"fed30a1\" data-element_type=\"container\" data-settings=\"{&quot;jet_parallax_layout_list&quot;:[]}\">\n\t\t\t\t\t<div class=\"e-con-inner\">\n\t\t<div class=\"elementor-element elementor-element-2fa716f e-flex e-con-boxed e-con e-child\" data-id=\"2fa716f\" data-element_type=\"container\" data-settings=\"{&quot;jet_parallax_layout_list&quot;:[]}\">\n\t\t\t\t\t<div class=\"e-con-inner\">\n\t\t\t\t<div class=\"elementor-element elementor-element-f6eb984 elementor-widget elementor-widget-heading\" data-id=\"f6eb984\" data-element_type=\"widget\" data-widget_type=\"heading.default\">\n\t\t\t\t<div class=\"elementor-widget-container\">\n\t\t\t\t\t<h2 class=\"elementor-heading-title elementor-size-default\">Santos<\/h2>\t\t\t\t<\/div>\n\t\t\t\t<\/div>\n\t\t\t\t<div class=\"elementor-element elementor-element-4c70192 elementor-widget elementor-widget-google_maps\" data-id=\"4c70192\" data-element_type=\"widget\" data-widget_type=\"google_maps.default\">\n\t\t\t\t<div class=\"elementor-widget-container\">\n\t\t\t\t\t\t\t<div class=\"elementor-custom-embed\">\n\t\t\t<iframe loading=\"lazy\"\n\t\t\t\t\tsrc=\"https:\/\/maps.google.com\/maps?q=Av.%20Pres.%20Wilson%2C%20167%20-%20Jos%C3%A9%20Menino%2C%20Santos%20-%20SP&#038;t=m&#038;z=16&#038;output=embed&#038;iwloc=near\"\n\t\t\t\t\ttitle=\"Av. Pres. Wilson, 167 - Jos\u00e9 Menino, Santos - SP\"\n\t\t\t\t\taria-label=\"Av. Pres. Wilson, 167 - Jos\u00e9 Menino, Santos - SP\"\n\t\t\t><\/iframe>\n\t\t<\/div>\n\t\t\t\t\t\t<\/div>\n\t\t\t\t<\/div>\n\t\t\t\t<div class=\"elementor-element elementor-element-cf9846e elementor-widget elementor-widget-text-editor\" data-id=\"cf9846e\" data-element_type=\"widget\" data-widget_type=\"text-editor.default\">\n\t\t\t\t<div class=\"elementor-widget-container\">\n\t\t\t\t\t\t\t\t\t<p>Av. Pres. Wilson, 167 &#8211; Jos\u00e9 Menino, Santos &#8211; SP<\/p>\t\t\t\t\t\t\t\t<\/div>\n\t\t\t\t<\/div>\n\t\t\t\t<div class=\"elementor-element elementor-element-16ff509 elementor-widget elementor-widget-text-editor\" data-id=\"16ff509\" data-element_type=\"widget\" data-widget_type=\"text-editor.default\">\n\t\t\t\t<div class=\"elementor-widget-container\">\n\t\t\t\t\t\t\t\t\tHor\u00e1rio de funcionamento: 17h \u00e0s 23:30h &#8211; Todos os dias\t\t\t\t\t\t\t\t<\/div>\n\t\t\t\t<\/div>\n\t\t\t\t\t<\/div>\n\t\t\t\t<\/div>\n\t\t<div class=\"elementor-element elementor-element-f4feb6e e-flex e-con-boxed e-con e-child\" data-id=\"f4feb6e\" data-element_type=\"container\" data-settings=\"{&quot;jet_parallax_layout_list&quot;:[]}\">\n\t\t\t\t\t<div class=\"e-con-inner\">\n\t\t\t\t<div class=\"elementor-element elementor-element-c0d0ebf elementor-widget elementor-widget-heading\" data-id=\"c0d0ebf\" data-element_type=\"widget\" data-widget_type=\"heading.default\">\n\t\t\t\t<div class=\"elementor-widget-container\">\n\t\t\t\t\t<h2 class=\"elementor-heading-title elementor-size-default\">Ol\u00edmpia<\/h2>\t\t\t\t<\/div>\n\t\t\t\t<\/div>\n\t\t\t\t<div class=\"elementor-element elementor-element-94f63b4 elementor-widget elementor-widget-google_maps\" data-id=\"94f63b4\" data-element_type=\"widget\" data-widget_type=\"google_maps.default\">\n\t\t\t\t<div class=\"elementor-widget-container\">\n\t\t\t\t\t\t\t<div class=\"elementor-custom-embed\">\n\t\t\t<iframe loading=\"lazy\"\n\t\t\t\t\tsrc=\"https:\/\/maps.google.com\/maps?q=Av.%20Aurora%20Forti%20Neves%2C%20439%20-%20Jardim%20Gl%C3%B3ria%2C%20Ol%C3%ADmpia%20-%20SP&#038;t=m&#038;z=16&#038;output=embed&#038;iwloc=near\"\n\t\t\t\t\ttitle=\"Av. Aurora Forti Neves, 439 - Jardim Gl\u00f3ria, Ol\u00edmpia - SP\"\n\t\t\t\t\taria-label=\"Av. Aurora Forti Neves, 439 - Jardim Gl\u00f3ria, Ol\u00edmpia - SP\"\n\t\t\t><\/iframe>\n\t\t<\/div>\n\t\t\t\t\t\t<\/div>\n\t\t\t\t<\/div>\n\t\t\t\t<div class=\"elementor-element elementor-element-b28027c elementor-widget elementor-widget-text-editor\" data-id=\"b28027c\" data-element_type=\"widget\" data-widget_type=\"text-editor.default\">\n\t\t\t\t<div class=\"elementor-widget-container\">\n\t\t\t\t\t\t\t\t\t<p>Av. Aurora Forti Neves, 439 &#8211; Jardim Gl\u00f3ria, Ol\u00edmpia &#8211; SP<\/p>\t\t\t\t\t\t\t\t<\/div>\n\t\t\t\t<\/div>\n\t\t\t\t<div class=\"elementor-element elementor-element-4993350 elementor-widget elementor-widget-text-editor\" data-id=\"4993350\" data-element_type=\"widget\" data-widget_type=\"text-editor.default\">\n\t\t\t\t<div class=\"elementor-widget-container\">\n\t\t\t\t\t\t\t\t\tHor\u00e1rio de funcionamento: 17h \u00e0s 23h &#8211; Quarta \u00e0 Sexta\n\t\t\t\t\t\t\t\t<\/div>\n\t\t\t\t<\/div>\n\t\t\t\t\t<\/div>\n\t\t\t\t<\/div>\n\t\t<div class=\"elementor-element elementor-element-65448c8 e-flex e-con-boxed e-con e-child\" data-id=\"65448c8\" data-element_type=\"container\" data-settings=\"{&quot;jet_parallax_layout_list&quot;:[]}\">\n\t\t\t\t\t<div class=\"e-con-inner\">\n\t\t\t\t<div class=\"elementor-element elementor-element-6ce1a37 elementor-widget elementor-widget-heading\" data-id=\"6ce1a37\" data-element_type=\"widget\" data-widget_type=\"heading.default\">\n\t\t\t\t<div class=\"elementor-widget-container\">\n\t\t\t\t\t<h2 class=\"elementor-heading-title elementor-size-default\">Goi\u00e2nia<\/h2>\t\t\t\t<\/div>\n\t\t\t\t<\/div>\n\t\t\t\t<div class=\"elementor-element elementor-element-fff071e elementor-widget elementor-widget-google_maps\" data-id=\"fff071e\" data-element_type=\"widget\" data-widget_type=\"google_maps.default\">\n\t\t\t\t<div class=\"elementor-widget-container\">\n\t\t\t\t\t\t\t<div class=\"elementor-custom-embed\">\n\t\t\t<iframe loading=\"lazy\"\n\t\t\t\t\tsrc=\"https:\/\/maps.google.com\/maps?q=Av.%20T-10%2C%20Quadra%20104%20-%20Lote%2010%20-%20St.%20Bueno%2C%20Goi%C3%A2nia%20-%20GO&#038;t=m&#038;z=16&#038;output=embed&#038;iwloc=near\"\n\t\t\t\t\ttitle=\"Av. T-10, Quadra 104 - Lote 10 - St. Bueno, Goi\u00e2nia - GO\"\n\t\t\t\t\taria-label=\"Av. T-10, Quadra 104 - Lote 10 - St. Bueno, Goi\u00e2nia - GO\"\n\t\t\t><\/iframe>\n\t\t<\/div>\n\t\t\t\t\t\t<\/div>\n\t\t\t\t<\/div>\n\t\t\t\t<div class=\"elementor-element elementor-element-28b1277 elementor-widget elementor-widget-text-editor\" data-id=\"28b1277\" data-element_type=\"widget\" data-widget_type=\"text-editor.default\">\n\t\t\t\t<div class=\"elementor-widget-container\">\n\t\t\t\t\t\t\t\t\t<p>Av. T-10, Quadra 104 &#8211; Lote 10 &#8211; St. Bueno, Goi\u00e2nia &#8211; GO<\/p>\t\t\t\t\t\t\t\t<\/div>\n\t\t\t\t<\/div>\n\t\t\t\t<div class=\"elementor-element elementor-element-f33ed49 elementor-widget elementor-widget-text-editor\" data-id=\"f33ed49\" data-element_type=\"widget\" data-widget_type=\"text-editor.default\">\n\t\t\t\t<div class=\"elementor-widget-container\">\n\t\t\t\t\t\t\t\t\tHor\u00e1rio de funcionamento: 17H \u00e0s 00h &#8211; Todos os dias\n\t\t\t\t\t\t\t\t<\/div>\n\t\t\t\t<\/div>\n\t\t\t\t\t<\/div>\n\t\t\t\t<\/div>\n\t\t\t\t\t<\/div>\n\t\t\t\t<\/div>\n\t\t<div class=\"elementor-element elementor-element-a682fcf e-flex e-con-boxed e-con e-child\" data-id=\"a682fcf\" data-element_type=\"container\" data-settings=\"{&quot;jet_parallax_layout_list&quot;:[]}\">\n\t\t\t\t\t<div class=\"e-con-inner\">\n\t\t<div class=\"elementor-element elementor-element-21fd650 e-flex e-con-boxed e-con e-child\" data-id=\"21fd650\" data-element_type=\"container\" data-settings=\"{&quot;jet_parallax_layout_list&quot;:[]}\">\n\t\t\t\t\t<div class=\"e-con-inner\">\n\t\t\t\t<div class=\"elementor-element elementor-element-fdee74f elementor-widget elementor-widget-heading\" data-id=\"fdee74f\" data-element_type=\"widget\" data-widget_type=\"heading.default\">\n\t\t\t\t<div class=\"elementor-widget-container\">\n\t\t\t\t\t<h2 class=\"elementor-heading-title elementor-size-default\">Bras\u00edlia\n<\/h2>\t\t\t\t<\/div>\n\t\t\t\t<\/div>\n\t\t\t\t<div class=\"elementor-element elementor-element-582c710 elementor-widget elementor-widget-google_maps\" data-id=\"582c710\" data-element_type=\"widget\" data-widget_type=\"google_maps.default\">\n\t\t\t\t<div class=\"elementor-widget-container\">\n\t\t\t\t\t\t\t<div class=\"elementor-custom-embed\">\n\t\t\t<iframe loading=\"lazy\"\n\t\t\t\t\tsrc=\"https:\/\/maps.google.com\/maps?q=CLS%20QUADRA%20307%20BLOCO%20A%20LOJA%2021%2C%20SHCS%20-%20Asa%20Sul%2C%20Bras%C3%ADlia%20-%20DF&#038;t=m&#038;z=16&#038;output=embed&#038;iwloc=near\"\n\t\t\t\t\ttitle=\"CLS QUADRA 307 BLOCO A LOJA 21, SHCS - Asa Sul, Bras\u00edlia - DF\"\n\t\t\t\t\taria-label=\"CLS QUADRA 307 BLOCO A LOJA 21, SHCS - Asa Sul, Bras\u00edlia - DF\"\n\t\t\t><\/iframe>\n\t\t<\/div>\n\t\t\t\t\t\t<\/div>\n\t\t\t\t<\/div>\n\t\t\t\t<div class=\"elementor-element elementor-element-c45ddcc elementor-widget elementor-widget-text-editor\" data-id=\"c45ddcc\" data-element_type=\"widget\" data-widget_type=\"text-editor.default\">\n\t\t\t\t<div class=\"elementor-widget-container\">\n\t\t\t\t\t\t\t\t\t<p>CLS QUADRA 307 BLOCO A LOJA 21, SHCS &#8211; Asa Sul, Bras\u00edlia &#8211; DF<\/p>\t\t\t\t\t\t\t\t<\/div>\n\t\t\t\t<\/div>\n\t\t\t\t<div class=\"elementor-element elementor-element-5b17c78 elementor-widget elementor-widget-text-editor\" data-id=\"5b17c78\" data-element_type=\"widget\" data-widget_type=\"text-editor.default\">\n\t\t\t\t<div class=\"elementor-widget-container\">\n\t\t\t\t\t\t\t\t\tHor\u00e1rio de funcionamento: 16H \u00e0s 00h &#8211; Todos os dias\t\t\t\t\t\t\t\t<\/div>\n\t\t\t\t<\/div>\n\t\t\t\t\t<\/div>\n\t\t\t\t<\/div>\n\t\t<div class=\"elementor-element elementor-element-60d8adf e-flex e-con-boxed e-con e-child\" data-id=\"60d8adf\" data-element_type=\"container\" data-settings=\"{&quot;jet_parallax_layout_list&quot;:[]}\">\n\t\t\t\t\t<div class=\"e-con-inner\">\n\t\t\t\t\t<\/div>\n\t\t\t\t<\/div>\n\t\t<div class=\"elementor-element elementor-element-5a667ff e-flex e-con-boxed e-con e-child\" data-id=\"5a667ff\" data-element_type=\"container\" data-settings=\"{&quot;jet_parallax_layout_list&quot;:[]}\">\n\t\t\t\t\t<div class=\"e-con-inner\">\n\t\t\t\t\t<\/div>\n\t\t\t\t<\/div>\n\t\t\t\t\t<\/div>\n\t\t\t\t<\/div>\n\t\t\t\t\t<\/div>\n\t\t\t\t<\/div>\n\t\t\t\t<\/div>","protected":false},"excerpt":{"rendered":"<p>Encontre uma loja Copacabana R. Barata Ribeiro, 194 Loja K &#8211; Copacabana &#8211; RJHor\u00e1rio de funcionamento: 16h \u00e0s 23h &#8211; Todos os dias Vila Velha Av. Henrique Moscoso 90 Ed. Ocean Ville &#8211; Lojas 11, 12 e 13 &#8211; Praia da Costa, Vila Velha &#8211; ES Hor\u00e1rio de funcionamento: 18h \u00e0s 22h &#8211; Segunda \u00e0 [&hellip;]<\/p>","protected":false},"author":1,"featured_media":0,"parent":0,"menu_order":0,"comment_status":"closed","ping_status":"closed","template":"elementor_header_footer","meta":{"footnotes":""},"class_list":["post-30","page","type-page","status-publish","hentry"],"_hostinger_reach_plugin_has_subscription_block":false,"_hostinger_reach_plugin_is_elementor":false,"_links":{"self":[{"href":"https:\/\/heroisburger.com.br\/pt\/wp-json\/wp\/v2\/pages\/30","targetHints":{"allow":["GET"]}}],"collection":[{"href":"https:\/\/heroisburger.com.br\/pt\/wp-json\/wp\/v2\/pages"}],"about":[{"href":"https:\/\/heroisburger.com.br\/pt\/wp-json\/wp\/v2\/types\/page"}],"author":[{"embeddable":true,"href":"https:\/\/heroisburger.com.br\/pt\/wp-json\/wp\/v2\/users\/1"}],"replies":[{"embeddable":true,"href":"https:\/\/heroisburger.com.br\/pt\/wp-json\/wp\/v2\/comments?post=30"}],"version-history":[{"count":5,"href":"https:\/\/heroisburger.com.br\/pt\/wp-json\/wp\/v2\/pages\/30\/revisions"}],"predecessor-version":[{"id":1475,"href":"https:\/\/heroisburger.com.br\/pt\/wp-json\/wp\/v2\/pages\/30\/revisions\/1475"}],"wp:attachment":[{"href":"https:\/\/heroisburger.com.br\/pt\/wp-json\/wp\/v2\/media?parent=30"}],"curies":[{"name":"wp","href":"https:\/\/api.w.org\/{rel}","templated":true}]}}